{"id":13,"date":"2025-10-13T15:12:26","date_gmt":"2025-10-13T15:12:26","guid":{"rendered":"https:\/\/ideaspirit.hr\/?page_id=13"},"modified":"2025-12-01T09:44:05","modified_gmt":"2025-12-01T09:44:05","slug":"naslovna","status":"publish","type":"page","link":"https:\/\/ideaspirit.hr\/","title":{"rendered":"Naslovna"},"content":{"rendered":"\t\t<div data-elementor-type=\"wp-page\" data-elementor-id=\"13\" class=\"elementor elementor-13\">\n\t\t\t\t\t\t<section class=\"elementor-section elementor-top-section elementor-element elementor-element-540a169 elementor-section-full_width elementor-section-height-min-height elementor-section-stretched elementor-section-content-middle elementor-section-height-default elementor-section-items-middle\" data-id=\"540a169\" data-element_type=\"section\" data-settings=\"{&quot;stretch_section&quot;:&quot;section-stretched&quot;,&quot;background_background&quot;:&quot;classic&quot;}\">\n\t\t\t\t\t\t<div class=\"elementor-container elementor-column-gap-no\">\n\t\t\t\t\t<div class=\"elementor-column elementor-col-100 elementor-top-column elementor-element elementor-element-c78a9e7\" data-id=\"c78a9e7\" data-element_type=\"column\">\n\t\t\t<div class=\"elementor-widget-wrap elementor-element-populated\">\n\t\t\t\t\t\t<div class=\"elementor-element elementor-element-ef5b855 elementor-widget elementor-widget-heading\" data-id=\"ef5b855\" data-element_type=\"widget\" data-widget_type=\"heading.default\">\n\t\t\t\t\t<h2 class=\"elementor-heading-title elementor-size-default\">Gdje ideja postaje stvarnost<\/h2>\t\t\t\t<\/div>\n\t\t\t\t\t<\/div>\n\t\t<\/div>\n\t\t\t\t\t<\/div>\n\t\t<\/section>\n\t\t\t\t<section class=\"elementor-section elementor-top-section elementor-element elementor-element-ea3b859 elementor-section-full_width elementor-section-stretched elementor-section-height-default elementor-section-height-default\" data-id=\"ea3b859\" data-element_type=\"section\" data-settings=\"{&quot;stretch_section&quot;:&quot;section-stretched&quot;,&quot;background_background&quot;:&quot;classic&quot;}\">\n\t\t\t\t\t\t<div class=\"elementor-container elementor-column-gap-default\">\n\t\t\t\t\t<div class=\"elementor-column elementor-col-100 elementor-top-column elementor-element elementor-element-9f8afaf\" data-id=\"9f8afaf\" data-element_type=\"column\">\n\t\t\t<div class=\"elementor-widget-wrap elementor-element-populated\">\n\t\t\t\t\t\t<div class=\"elementor-element elementor-element-05565b5 elementor-widget elementor-widget-spacer\" data-id=\"05565b5\" data-element_type=\"widget\" data-widget_type=\"spacer.default\">\n\t\t\t\t\t\t\t<div class=\"elementor-spacer\">\n\t\t\t<div class=\"elementor-spacer-inner\"><\/div>\n\t\t<\/div>\n\t\t\t\t\t\t<\/div>\n\t\t\t\t<div class=\"elementor-element elementor-element-2d25dd2 elementor-widget elementor-widget-heading\" data-id=\"2d25dd2\" data-element_type=\"widget\" data-widget_type=\"heading.default\">\n\t\t\t\t\t<h2 class=\"elementor-heading-title elementor-size-default\">Na\u0161e usluge<\/h2>\t\t\t\t<\/div>\n\t\t\t\t<div class=\"elementor-element elementor-element-a02a087 elementor-widget elementor-widget-spacer\" data-id=\"a02a087\" data-element_type=\"widget\" data-widget_type=\"spacer.default\">\n\t\t\t\t\t\t\t<div class=\"elementor-spacer\">\n\t\t\t<div class=\"elementor-spacer-inner\"><\/div>\n\t\t<\/div>\n\t\t\t\t\t\t<\/div>\n\t\t\t\t\t<\/div>\n\t\t<\/div>\n\t\t\t\t\t<\/div>\n\t\t<\/section>\n\t\t\t\t<section class=\"elementor-section elementor-top-section elementor-element elementor-element-eecbdd4 elementor-section-full_width elementor-section-stretched elementor-section-height-default elementor-section-height-default\" data-id=\"eecbdd4\" data-element_type=\"section\" data-settings=\"{&quot;stretch_section&quot;:&quot;section-stretched&quot;,&quot;background_background&quot;:&quot;classic&quot;}\">\n\t\t\t\t\t\t<div class=\"elementor-container elementor-column-gap-default\">\n\t\t\t\t\t<div class=\"elementor-column elementor-col-25 elementor-top-column elementor-element elementor-element-dfbd7f8\" data-id=\"dfbd7f8\" data-element_type=\"column\">\n\t\t\t<div class=\"elementor-widget-wrap elementor-element-populated\">\n\t\t\t\t\t\t<div class=\"elementor-element elementor-element-b1fbc6e elementor-widget elementor-widget-heading\" data-id=\"b1fbc6e\" data-element_type=\"widget\" data-widget_type=\"heading.default\">\n\t\t\t\t\t<h2 class=\"elementor-heading-title elementor-size-default\">Offset tisak<\/h2>\t\t\t\t<\/div>\n\t\t\t\t<div class=\"elementor-element elementor-element-5ea3329 elementor-widget elementor-widget-text-editor\" data-id=\"5ea3329\" data-element_type=\"widget\" data-widget_type=\"text-editor.default\">\n\t\t\t\t\t\t\t\t\t<ul><li>knjige i bro\u0161ure<\/li><li>kataloge i \u010dasopise<\/li><li>plakate i letke<\/li><li>cjenike i jelovnike<\/li><li>poslovne tiskanice i obrasce<\/li><li>mape, omote i promotivne materijale<\/li><\/ul>\t\t\t\t\t\t\t\t<\/div>\n\t\t\t\t\t<\/div>\n\t\t<\/div>\n\t\t\t\t<div class=\"elementor-column elementor-col-25 elementor-top-column elementor-element elementor-element-d724c2a\" data-id=\"d724c2a\" data-element_type=\"column\">\n\t\t\t<div class=\"elementor-widget-wrap elementor-element-populated\">\n\t\t\t\t\t\t<div class=\"elementor-element elementor-element-09a3dcf elementor-widget elementor-widget-heading\" data-id=\"09a3dcf\" data-element_type=\"widget\" data-widget_type=\"heading.default\">\n\t\t\t\t\t<h2 class=\"elementor-heading-title elementor-size-default\">Digitalni tisak<\/h2>\t\t\t\t<\/div>\n\t\t\t\t<div class=\"elementor-element elementor-element-271890d elementor-widget elementor-widget-text-editor\" data-id=\"271890d\" data-element_type=\"widget\" data-widget_type=\"text-editor.default\">\n\t\t\t\t\t\t\t\t\t<ul><li>vizitke<\/li><li>letke i flyere u manjim nakladama<\/li><li>personalizirane promotivne materijale<\/li><li>plakate i postere<\/li><li>cjenike i jelovnike<\/li><li>probne otiske\u00a0<\/li><\/ul>\t\t\t\t\t\t\t\t<\/div>\n\t\t\t\t\t<\/div>\n\t\t<\/div>\n\t\t\t\t<div class=\"elementor-column elementor-col-25 elementor-top-column elementor-element elementor-element-f7bbfea\" data-id=\"f7bbfea\" data-element_type=\"column\">\n\t\t\t<div class=\"elementor-widget-wrap elementor-element-populated\">\n\t\t\t\t\t\t<div class=\"elementor-element elementor-element-f0a7c93 elementor-widget elementor-widget-heading\" data-id=\"f0a7c93\" data-element_type=\"widget\" data-widget_type=\"heading.default\">\n\t\t\t\t\t<h2 class=\"elementor-heading-title elementor-size-default\">Grafi\u010dki dizajn<\/h2>\t\t\t\t<\/div>\n\t\t\t\t<div class=\"elementor-element elementor-element-556faaf elementor-widget elementor-widget-text-editor\" data-id=\"556faaf\" data-element_type=\"widget\" data-widget_type=\"text-editor.default\">\n\t\t\t\t\t\t\t\t\t<ul><li>izradu logotipa<\/li><li>dizajn vizitki, letaka i bro\u0161ura<\/li><li>oblikovanje kataloga, \u010dasopisa i knjiga<\/li><li>pripremu cjenika i jelovnika<\/li><li>pripremu za tisak<\/li><\/ul>\t\t\t\t\t\t\t\t<\/div>\n\t\t\t\t\t<\/div>\n\t\t<\/div>\n\t\t\t\t<div class=\"elementor-column elementor-col-25 elementor-top-column elementor-element elementor-element-2f75bf2\" data-id=\"2f75bf2\" data-element_type=\"column\">\n\t\t\t<div class=\"elementor-widget-wrap elementor-element-populated\">\n\t\t\t\t\t\t<div class=\"elementor-element elementor-element-8295cf1 elementor-widget elementor-widget-heading\" data-id=\"8295cf1\" data-element_type=\"widget\" data-widget_type=\"heading.default\">\n\t\t\t\t\t<h2 class=\"elementor-heading-title elementor-size-default\">Dorada<\/h2>\t\t\t\t<\/div>\n\t\t\t\t<div class=\"elementor-element elementor-element-cadf0e3 elementor-widget elementor-widget-text-editor\" data-id=\"cadf0e3\" data-element_type=\"widget\" data-widget_type=\"text-editor.default\">\n\t\t\t\t\t\t\t\t\t<ul><li>plastifikaciju (mat i sjaj)<\/li><li>spiralni i klasi\u010dni uvez<\/li><li>biganje i perforiranje<\/li><li>numeriranje<\/li><li>\u0161tancanje<\/li><li>graviranje<\/li><\/ul>\t\t\t\t\t\t\t\t<\/div>\n\t\t\t\t\t<\/div>\n\t\t<\/div>\n\t\t\t\t\t<\/div>\n\t\t<\/section>\n\t\t\t\t<\/div>\n\t\t","protected":false},"excerpt":{"rendered":"<p>Gdje ideja postaje stvarnost Na\u0161e usluge Offset tisak knjige i bro\u0161ure kataloge i \u010dasopise plakate i letke cjenike i jelovnike poslovne tiskanice i obrasce mape, omote i promotivne materijale Digitalni tisak vizitke letke i flyere u manjim nakladama personalizirane promotivne materijale plakate i postere cjenike i jelovnike probne otiske\u00a0 Grafi\u010dki dizajn izradu logotipa dizajn vizitki, &#8230; <a title=\"Naslovna\" class=\"read-more\" href=\"https:\/\/ideaspirit.hr\/\" aria-label=\"Read more about Naslovna\">Read more<\/a><\/p>\n","protected":false},"author":1,"featured_media":0,"parent":0,"menu_order":0,"comment_status":"closed","ping_status":"closed","template":"","meta":{"footnotes":""},"class_list":["post-13","page","type-page","status-publish"],"_links":{"self":[{"href":"https:\/\/ideaspirit.hr\/index.php?rest_route=\/wp\/v2\/pages\/13","targetHints":{"allow":["GET"]}}],"collection":[{"href":"https:\/\/ideaspirit.hr\/index.php?rest_route=\/wp\/v2\/pages"}],"about":[{"href":"https:\/\/ideaspirit.hr\/index.php?rest_route=\/wp\/v2\/types\/page"}],"author":[{"embeddable":true,"href":"https:\/\/ideaspirit.hr\/index.php?rest_route=\/wp\/v2\/users\/1"}],"replies":[{"embeddable":true,"href":"https:\/\/ideaspirit.hr\/index.php?rest_route=%2Fwp%2Fv2%2Fcomments&post=13"}],"version-history":[{"count":37,"href":"https:\/\/ideaspirit.hr\/index.php?rest_route=\/wp\/v2\/pages\/13\/revisions"}],"predecessor-version":[{"id":249,"href":"https:\/\/ideaspirit.hr\/index.php?rest_route=\/wp\/v2\/pages\/13\/revisions\/249"}],"wp:attachment":[{"href":"https:\/\/ideaspirit.hr\/index.php?rest_route=%2Fwp%2Fv2%2Fmedia&parent=13"}],"curies":[{"name":"wp","href":"https:\/\/api.w.org\/{rel}","templated":true}]}}